{"id":115,"date":"2022-12-22T17:32:18","date_gmt":"2022-12-22T16:32:18","guid":{"rendered":"https:\/\/amwildbachberg.at\/?page_id=115"},"modified":"2026-02-02T23:19:15","modified_gmt":"2026-02-02T22:19:15","slug":"impressum","status":"publish","type":"page","link":"https:\/\/amwildbachberg.at\/en\/impressum\/","title":{"rendered":"imprint"},"content":{"rendered":"\n<div class=\"wp-block-group has-beige-light-background-color has-background is-layout-constrained wp-block-group-is-layout-constrained\">\n<h1 class=\"wp-block-heading has-text-align-center has-serif-font-family has-7-xl-font-size\" style=\"padding-top:var(--wp--preset--spacing--90);padding-bottom:var(--wp--preset--spacing--60)\">Impressum<\/h1>\n<\/div>\n\n\n\n<div class=\"wp-block-group has-lg-font-size is-layout-constrained wp-block-group-is-layout-constrained\" style=\"padding-bottom:var(--wp--preset--spacing--80)\">\n<p><br><strong>ADRESSE URLAUBSREFUGIUM &#8222;AM WILDBACHBERG&#8220;<\/strong><\/p>\n\n\n\n<p>Wildbachberg 176<br>8530 Deutschlandsberg<br>\u00d6sterreich<br>griasdi@amwildbachberg.at<br>Tel +43 676 6031422<\/p>\n\n\n\n<p><strong>INHABER VON &#8222;AM WILDBACHBERG&#8220;<\/strong><\/p>\n\n\n\n<p>G\u00fcnter Krainer und Mitgesellschafter<br>Rosenhof 182<br>8511 St. Stefan ob Stainz<br>\u00d6sterreich<br>griasdi@amwildbachberg.at<br>Tel +43 676 6031422<br><\/p>\n\n\n\n<p><\/p>\n\n\n\n<p><br><strong>RECHTSFORM<\/strong><br>GesBR<br><\/p>\n\n\n\n<p><\/p>\n\n\n\n<p><\/p>\n\n\n\n<p><br><strong>UID-NUMMER:<\/strong><br>ATU 7731 6557<br><br><\/p>\n\n\n\n<p><strong>HAFTUNGSAUSSCHLUSS WEBSITE<\/strong><br>Eine Haftung oder Garantie f\u00fcr die Aktualit\u00e4t, Richtigkeit und Vollst\u00e4ndigkeit der zur Verf\u00fcgung gestellten Informationen kann nicht \u00fcbernommen werden. Gleiches gilt auch f\u00fcr alle anderen Websites, auf die mittels Hyperlink verwiesen wird. Das Herstellen von Verbindungen zu derartigen Websites erfolgt auf eigene Gefahr. Betreiber oder Autor sind f\u00fcr den Inhalt der Websites, die aufgrund einer solchen Verbindung erreicht werden, nicht verantwortlich. Mit der Nutzung unseres Profils auf Facebook erkl\u00e4ren Sie sich mit den Nutzungsbedingungen und Datenschutzerkl\u00e4rungen der jeweiligen Plattformen einverstanden. Haftungsanspr\u00fcche gegen\u00fcber dem Autor oder Betreiber sind grunds\u00e4tzlich ausgeschlossen. Alle Angebote sind unverbindlich und freibleibend.<br><br><\/p>\n\n\n\n<p><strong>G\u00dcLTIGKEIT DIESES HAFTUNGSAUSSCHLUSSES<\/strong><br>Dieser Haftungsausschluss ist als Teil des Internetangebots zu betrachten, von dem aus auf diese Seite verwiesen wurde. Sofern Teile oder einzelne Formulierungen dieses Textes der geltenden Rechtslage nicht mehr oder nicht vollst\u00e4ndig entsprechen sollten, bleiben die \u00fcbrigen Teile des Dokumentes in ihrem Inhalt und ihrer G\u00fcltigkeit davon unber\u00fchrt.<br><br><\/p>\n\n\n\n<p><strong>URHEBERRECHT<\/strong><br>Alle Inhalte, Bilder und Texte sind urheberrechtlich gesch\u00fctzt und d\u00fcrfen nicht ohne ausdr\u00fcckliche Erlaubnis des Betreibers und Autors in jeglicher Art und Weise verwendet werden.<br><br><\/p>\n\n\n\n<p><strong>LAYOUT UND KONZEPT<\/strong><br>Studio Bruch (studiobruch.com)<br><br><\/p>\n\n\n\n<p><strong>TECHNISCHE UMSETZUNG<\/strong><br>Studio Brighten<br><br><\/p>\n\n\n\n<p><strong>TEXT<\/strong><br>Karin Schmerda<br><br><\/p>\n\n\n\n<p><strong>FOTOS &amp; FILME<\/strong><\/p>\n\n\n\n<p>Cathrine Stukhard<br>Judith Recher, LUPI SPUMA<br>lupispuma.com<br>Bernhard Schindler<br>TVB S\u00fcdsteiermark<br>Doglidays<br>istock: Milan Jovic\/Serhii Sobolevskyi\/rasevicdusan\/Supercaliphotolistic<br>pixabay: Mike Dobe<br>Kira Loibner<br>Michaela Krajanova<\/p>\n\n\n\n<p><br><strong>LAUFENDE MARKETING- &amp; WEBSITEBETREUUNG<\/strong><\/p>\n\n\n\n<p>Karin Riemer<br>Member of MUOOT identity and marketing for hotels (www.muoot.studio)<\/p>\n\n\n\n<p><strong>We call us [mu:t]<\/strong><br><strong>MUOOT identity and marketing<\/strong> ist ein auf Hotelmarketing spezialisiertes Netzwerk bestehend aus Marketingagenturen an den Standorten M\u00fcnchen, Salzburg, Schladming, Graz und Wels. Gemeinsam mit unseren Kunden widmen wir uns dem Herzen des Hotels, des Chalets, der Ferienwohnung \u2026 Unabh\u00e4ngig von der Betriebsgr\u00f6\u00dfe geht es immer um das Produkt samt seinen Leistungen \u2013 das Erlebnis f\u00fcr den Gast dem G\u00e4steerlebnis. All das packen wir in die passende Brand und schaffen eine individuelle Identit\u00e4t mit allem, was dazu geh\u00f6rt. Vom Konzept, \u00fcber die Architektur, dem Interior Design bis hin zum Corporate Design, der passenden Fotografie, Printprodukten und Texten, bis hin zur Website, Newsletter und der Vermarktung \u00fcber die passenden Marketingkan\u00e4le. Egal ob Neuanfang oder Change-Projekt. Mit MUT beginnen die sch\u00f6nsten Geschichten. Mit MOOD werden sie Wirklichkeit.<strong><br><\/strong><br><\/p>\n\n\n\n<p><strong>OFFENLEGUNGSPFLICHT NACH DEM MEDIENGESETZ<\/strong><br>GEM. \u00a7 25 ABS 2, 3 UND 4 MEDIENGESETZ<\/p>\n\n\n\n<p><br><strong>MEDIENINHABER<\/strong><br>G\u00fcnter Krainer<br><br><\/p>\n\n\n\n<p><strong>UNTERNEHMENSGEGENSTAND<\/strong><br>Urlaub am Bauernhof<\/p>\n\n\n\n<p><br><strong>SITZ<\/strong><br>Rosenhof 182<br>8511 St. Stefan ob Stainz<br>\u00d6sterreich<\/p>\n<\/div>\n","protected":false},"excerpt":{"rendered":"<p>Imprint ADDRESS HOLIDAY REFUGE &quot;AM WILDBACHBERG&quot; Wildbachberg 1768530 Deutschlandsberg Austria griasdi@amwildbachberg.at Tel +43 676 6031422 OWNER OF &quot;AM WILDBACHBERG&quot; G\u00fcnter Krainer and co-partners Rosenhof 1828511 St. Stefan ob Stainz Austria griasdi@amwildbachberg.at Tel +43 676 6031422 LEGAL FORM: Company VAT ID NUMBER: ATU 7731 6557 WEBSITE DISCLAIMER: No liability or guarantee can be assumed for the timeliness, accuracy, and completeness of the information provided. The same applies to... <a href=\"https:\/\/amwildbachberg.at\/en\/impressum\/\">Continued<\/a><\/p>","protected":false},"author":4,"featured_media":0,"parent":0,"menu_order":0,"comment_status":"closed","ping_status":"closed","template":"","meta":{"_acf_changed":false,"pgc_sgb_lightbox_settings":"","awb_header_is_dark":true,"footnotes":""},"class_list":["post-115","page","type-page","status-publish","hentry"],"acf":[],"yoast_head":"<!-- This site is optimized with the Yoast SEO plugin v27.2 - https:\/\/yoast.com\/product\/yoast-seo-wordpress\/ -->\n<title>Impressum - Am Wildbachberg<\/title>\n<meta name=\"description\" content=\"G\u00fcnter Krainer und Mitgesellschafter, griasdi@amwildbachberg.at \u260e Tel +43 676 6031422; Fotos &amp; Filme - Copyrights, Marketing &amp; Web ...\" \/>\n<meta name=\"robots\" content=\"index, follow, max-snippet:-1, max-image-preview:large, max-video-preview:-1\" \/>\n<link rel=\"canonical\" href=\"https:\/\/amwildbachberg.at\/en\/impressum\/\" \/>\n<meta property=\"og:locale\" content=\"en_GB\" \/>\n<meta property=\"og:type\" content=\"article\" \/>\n<meta property=\"og:title\" content=\"Impressum - Am Wildbachberg\" \/>\n<meta property=\"og:description\" content=\"G\u00fcnter Krainer und Mitgesellschafter, griasdi@amwildbachberg.at \u260e Tel +43 676 6031422; Fotos &amp; Filme - Copyrights, Marketing &amp; Web ...\" \/>\n<meta property=\"og:url\" content=\"https:\/\/amwildbachberg.at\/en\/impressum\/\" \/>\n<meta property=\"og:site_name\" content=\"Am Wildbachberg\" \/>\n<meta property=\"article:publisher\" content=\"https:\/\/www.facebook.com\/amwildbachberg\/\" \/>\n<meta property=\"article:modified_time\" content=\"2026-02-02T22:19:15+00:00\" \/>\n<meta name=\"twitter:card\" content=\"summary_large_image\" \/>\n<meta name=\"twitter:label1\" content=\"Estimated reading time\" \/>\n\t<meta name=\"twitter:data1\" content=\"3 minutes\" \/>\n<script type=\"application\/ld+json\" class=\"yoast-schema-graph\">{\"@context\":\"https:\/\/schema.org\",\"@graph\":[{\"@type\":\"WebPage\",\"@id\":\"https:\/\/amwildbachberg.at\/impressum\/\",\"url\":\"https:\/\/amwildbachberg.at\/impressum\/\",\"name\":\"Impressum - Am Wildbachberg\",\"isPartOf\":{\"@id\":\"https:\/\/amwildbachberg.at\/#website\"},\"datePublished\":\"2022-12-22T16:32:18+00:00\",\"dateModified\":\"2026-02-02T22:19:15+00:00\",\"description\":\"G\u00fcnter Krainer und Mitgesellschafter, griasdi@amwildbachberg.at \u260e Tel +43 676 6031422; Fotos & Filme - Copyrights, Marketing & Web ...\",\"breadcrumb\":{\"@id\":\"https:\/\/amwildbachberg.at\/impressum\/#breadcrumb\"},\"inLanguage\":\"en-GB\",\"potentialAction\":[{\"@type\":\"ReadAction\",\"target\":[\"https:\/\/amwildbachberg.at\/impressum\/\"]}]},{\"@type\":\"BreadcrumbList\",\"@id\":\"https:\/\/amwildbachberg.at\/impressum\/#breadcrumb\",\"itemListElement\":[{\"@type\":\"ListItem\",\"position\":1,\"name\":\"Startseite\",\"item\":\"https:\/\/amwildbachberg.at\/\"},{\"@type\":\"ListItem\",\"position\":2,\"name\":\"Impressum\"}]},{\"@type\":\"WebSite\",\"@id\":\"https:\/\/amwildbachberg.at\/#website\",\"url\":\"https:\/\/amwildbachberg.at\/\",\"name\":\"Am Wildbachberg\",\"description\":\"Das Leben g\u2019spian.\",\"publisher\":{\"@id\":\"https:\/\/amwildbachberg.at\/#organization\"},\"potentialAction\":[{\"@type\":\"SearchAction\",\"target\":{\"@type\":\"EntryPoint\",\"urlTemplate\":\"https:\/\/amwildbachberg.at\/?s={search_term_string}\"},\"query-input\":{\"@type\":\"PropertyValueSpecification\",\"valueRequired\":true,\"valueName\":\"search_term_string\"}}],\"inLanguage\":\"en-GB\"},{\"@type\":\"Organization\",\"@id\":\"https:\/\/amwildbachberg.at\/#organization\",\"name\":\"Am Wildbachberg\",\"url\":\"https:\/\/amwildbachberg.at\/\",\"logo\":{\"@type\":\"ImageObject\",\"inLanguage\":\"en-GB\",\"@id\":\"https:\/\/amwildbachberg.at\/#\/schema\/logo\/image\/\",\"url\":\"https:\/\/amwildbachberg.at\/wp-content\/uploads\/2023\/06\/cropped-favicon.png\",\"contentUrl\":\"https:\/\/amwildbachberg.at\/wp-content\/uploads\/2023\/06\/cropped-favicon.png\",\"width\":512,\"height\":512,\"caption\":\"Am Wildbachberg\"},\"image\":{\"@id\":\"https:\/\/amwildbachberg.at\/#\/schema\/logo\/image\/\"},\"sameAs\":[\"https:\/\/www.facebook.com\/amwildbachberg\/\",\"https:\/\/www.instagram.com\/am_wildbachberg\/\"]}]}<\/script>\n<!-- \/ Yoast SEO plugin. -->","yoast_head_json":{"title":"Imprint - Am Wildbachberg","description":"G\u00fcnter Krainer and partners, griasdi@amwildbachberg.at \u260e Tel +43 676 6031422; Photos &amp; Films - Copyrights, Marketing &amp; Web ...","robots":{"index":"index","follow":"follow","max-snippet":"max-snippet:-1","max-image-preview":"max-image-preview:large","max-video-preview":"max-video-preview:-1"},"canonical":"https:\/\/amwildbachberg.at\/en\/impressum\/","og_locale":"en_GB","og_type":"article","og_title":"Impressum - Am Wildbachberg","og_description":"G\u00fcnter Krainer und Mitgesellschafter, griasdi@amwildbachberg.at \u260e Tel +43 676 6031422; Fotos & Filme - Copyrights, Marketing & Web ...","og_url":"https:\/\/amwildbachberg.at\/en\/impressum\/","og_site_name":"Am Wildbachberg","article_publisher":"https:\/\/www.facebook.com\/amwildbachberg\/","article_modified_time":"2026-02-02T22:19:15+00:00","twitter_card":"summary_large_image","twitter_misc":{"Estimated reading time":"3 minutes"},"schema":{"@context":"https:\/\/schema.org","@graph":[{"@type":"WebPage","@id":"https:\/\/amwildbachberg.at\/impressum\/","url":"https:\/\/amwildbachberg.at\/impressum\/","name":"Imprint - Am Wildbachberg","isPartOf":{"@id":"https:\/\/amwildbachberg.at\/#website"},"datePublished":"2022-12-22T16:32:18+00:00","dateModified":"2026-02-02T22:19:15+00:00","description":"G\u00fcnter Krainer and partners, griasdi@amwildbachberg.at \u260e Tel +43 676 6031422; Photos &amp; Films - Copyrights, Marketing &amp; Web ...","breadcrumb":{"@id":"https:\/\/amwildbachberg.at\/impressum\/#breadcrumb"},"inLanguage":"en-GB","potentialAction":[{"@type":"ReadAction","target":["https:\/\/amwildbachberg.at\/impressum\/"]}]},{"@type":"BreadcrumbList","@id":"https:\/\/amwildbachberg.at\/impressum\/#breadcrumb","itemListElement":[{"@type":"ListItem","position":1,"name":"Startseite","item":"https:\/\/amwildbachberg.at\/"},{"@type":"ListItem","position":2,"name":"Impressum"}]},{"@type":"WebSite","@id":"https:\/\/amwildbachberg.at\/#website","url":"https:\/\/amwildbachberg.at\/","name":"At Wildbachberg","description":"Feeling the life.","publisher":{"@id":"https:\/\/amwildbachberg.at\/#organization"},"potentialAction":[{"@type":"SearchAction","target":{"@type":"EntryPoint","urlTemplate":"https:\/\/amwildbachberg.at\/?s={search_term_string}"},"query-input":{"@type":"PropertyValueSpecification","valueRequired":true,"valueName":"search_term_string"}}],"inLanguage":"en-GB"},{"@type":"Organization","@id":"https:\/\/amwildbachberg.at\/#organization","name":"At Wildbachberg","url":"https:\/\/amwildbachberg.at\/","logo":{"@type":"ImageObject","inLanguage":"en-GB","@id":"https:\/\/amwildbachberg.at\/#\/schema\/logo\/image\/","url":"https:\/\/amwildbachberg.at\/wp-content\/uploads\/2023\/06\/cropped-favicon.png","contentUrl":"https:\/\/amwildbachberg.at\/wp-content\/uploads\/2023\/06\/cropped-favicon.png","width":512,"height":512,"caption":"Am Wildbachberg"},"image":{"@id":"https:\/\/amwildbachberg.at\/#\/schema\/logo\/image\/"},"sameAs":["https:\/\/www.facebook.com\/amwildbachberg\/","https:\/\/www.instagram.com\/am_wildbachberg\/"]}]}},"_links":{"self":[{"href":"https:\/\/amwildbachberg.at\/en\/wp-json\/wp\/v2\/pages\/115","targetHints":{"allow":["GET"]}}],"collection":[{"href":"https:\/\/amwildbachberg.at\/en\/wp-json\/wp\/v2\/pages"}],"about":[{"href":"https:\/\/amwildbachberg.at\/en\/wp-json\/wp\/v2\/types\/page"}],"author":[{"embeddable":true,"href":"https:\/\/amwildbachberg.at\/en\/wp-json\/wp\/v2\/users\/4"}],"replies":[{"embeddable":true,"href":"https:\/\/amwildbachberg.at\/en\/wp-json\/wp\/v2\/comments?post=115"}],"version-history":[{"count":5,"href":"https:\/\/amwildbachberg.at\/en\/wp-json\/wp\/v2\/pages\/115\/revisions"}],"predecessor-version":[{"id":3535,"href":"https:\/\/amwildbachberg.at\/en\/wp-json\/wp\/v2\/pages\/115\/revisions\/3535"}],"wp:attachment":[{"href":"https:\/\/amwildbachberg.at\/en\/wp-json\/wp\/v2\/media?parent=115"}],"curies":[{"name":"wp","href":"https:\/\/api.w.org\/{rel}","templated":true}]}}