{"id":2361,"date":"2024-11-05T12:26:16","date_gmt":"2024-11-05T11:26:16","guid":{"rendered":"https:\/\/amwildbachberg.at\/?page_id=2361"},"modified":"2026-02-06T12:40:22","modified_gmt":"2026-02-06T11:40:22","slug":"angebote","status":"publish","type":"page","link":"https:\/\/amwildbachberg.at\/en\/angebote\/","title":{"rendered":"Offers"},"content":{"rendered":"<div class=\"wp-block-cover alignfull is-light\"><span aria-hidden=\"true\" class=\"wp-block-cover__background has-beige-light-background-color has-background-dim-100 has-background-dim\"><\/span><div class=\"wp-block-cover__inner-container is-layout-flow wp-block-cover-is-layout-flow\">\n<div style=\"height:60px\" aria-hidden=\"true\" class=\"wp-block-spacer\"><\/div>\n\n\n\n<h1 class=\"wp-block-heading has-text-align-center has-serif-font-family has-7-xl-font-size\" style=\"line-height:1.1\">Offers<\/h1>\n\n\n\n<div style=\"height:20px\" aria-hidden=\"true\" class=\"wp-block-spacer\"><\/div>\n\n\n\n<div class=\"wp-block-group is-layout-constrained wp-block-group-is-layout-constrained\">\n<p class=\"has-text-align-center has-2-xl-font-size\">Would you like to \u201cexperience life\u201d at Wildbachberg?<br>We have refined your holiday with experiences<br>and &quot;packaged&quot; in beautiful packages. Let our offers inspire you, <br>Maybe there is just the right thing for you, for your next <br>Chalet holiday with us in Schilcherland, in southern Styria:<\/p>\n<\/div>\n<\/div><\/div>\n\n\n\n<div class=\"wp-block-group alignfull teaser-dark two-col has-beige-light-color has-black-background-color has-text-color has-background is-layout-constrained wp-container-core-group-is-layout-cb531375 wp-block-group-is-layout-constrained\" style=\"padding-top:var(--wp--preset--spacing--40);padding-right:var(--wp--preset--spacing--40);padding-bottom:var(--wp--preset--spacing--70);padding-left:var(--wp--preset--spacing--40)\">\n<div class=\"wp-block-group alignwide is-layout-flow wp-block-group-is-layout-flow\">\n<div class=\"wp-block-group is-layout-constrained wp-container-core-group-is-layout-618b4f28 wp-block-group-is-layout-constrained\">\n<p class=\"has-text-align-center has-xl-font-size\" style=\"letter-spacing:0.01em\">Offer<\/p>\n\n\n\n<div class=\"wp-block-group is-layout-constrained wp-container-core-group-is-layout-618b4f28 wp-block-group-is-layout-constrained\">\n<figure class=\"wp-block-image size-full\"><img loading=\"lazy\" decoding=\"async\" width=\"1600\" height=\"2400\" src=\"https:\/\/amwildbachberg.at\/wp-content\/uploads\/2025\/10\/A730131-skaliert1600x2400.jpg\" alt=\"Eine Tasse Tee trinken mit Blick auf die H\u00fcgel\" class=\"wp-image-3261\" srcset=\"https:\/\/amwildbachberg.at\/wp-content\/uploads\/2025\/10\/A730131-skaliert1600x2400.jpg 1600w, https:\/\/amwildbachberg.at\/wp-content\/uploads\/2025\/10\/A730131-skaliert1600x2400-200x300.jpg 200w, https:\/\/amwildbachberg.at\/wp-content\/uploads\/2025\/10\/A730131-skaliert1600x2400-683x1024.jpg 683w, https:\/\/amwildbachberg.at\/wp-content\/uploads\/2025\/10\/A730131-skaliert1600x2400-768x1152.jpg 768w, https:\/\/amwildbachberg.at\/wp-content\/uploads\/2025\/10\/A730131-skaliert1600x2400-1024x1536.jpg 1024w, https:\/\/amwildbachberg.at\/wp-content\/uploads\/2025\/10\/A730131-skaliert1600x2400-1365x2048.jpg 1365w, https:\/\/amwildbachberg.at\/wp-content\/uploads\/2025\/10\/A730131-skaliert1600x2400-8x12.jpg 8w\" sizes=\"auto, (max-width: 1600px) 100vw, 1600px\" \/><\/figure>\n<\/div>\n\n\n\n<h2 class=\"wp-block-heading has-text-align-center has-serif-font-family has-7-xl-font-size\" style=\"line-height:1.2\">3+2 nights<br>A quiet time<\/h2>\n\n\n\n<p class=\"has-text-align-center has-2-xl-font-size\">3 nights + 2 free.<br>Bookable:<br>23.03.-28.03.2026<\/p>\n\n\n\n<p class=\"has-text-align-center has-2-xl-font-size\">from \u20ac1,320 for 2 people<\/p>\n\n\n\n<div class=\"wp-block-buttons is-content-justification-center is-layout-flex wp-container-core-buttons-is-layout-a89b3969 wp-block-buttons-is-layout-flex\">\n<div class=\"wp-block-button is-style-outline is-style-outline--1\"><a class=\"wp-block-button__link wp-element-button\" href=\"https:\/\/amwildbachberg.at\/en\/a-ruhige-zeit\/\">to the offer<\/a><\/div>\n<\/div>\n<\/div>\n\n\n\n<div class=\"wp-block-group is-layout-constrained wp-container-core-group-is-layout-618b4f28 wp-block-group-is-layout-constrained\">\n<p class=\"has-text-align-center has-xl-font-size\" style=\"letter-spacing:0.01em\">Offer<\/p>\n\n\n\n<div class=\"wp-block-group is-layout-constrained wp-container-core-group-is-layout-618b4f28 wp-block-group-is-layout-constrained\">\n<figure class=\"wp-block-image size-full\"><img loading=\"lazy\" decoding=\"async\" width=\"1920\" height=\"2560\" src=\"https:\/\/amwildbachberg.at\/wp-content\/uploads\/2025\/09\/Picsart_24-03-28_14-32-20-659-scaled.jpg\" alt=\"Zeit f\u00fcr mich - im Chalet mit Kamin\" class=\"wp-image-3200\" srcset=\"https:\/\/amwildbachberg.at\/wp-content\/uploads\/2025\/09\/Picsart_24-03-28_14-32-20-659-scaled.jpg 1920w, https:\/\/amwildbachberg.at\/wp-content\/uploads\/2025\/09\/Picsart_24-03-28_14-32-20-659-225x300.jpg 225w, https:\/\/amwildbachberg.at\/wp-content\/uploads\/2025\/09\/Picsart_24-03-28_14-32-20-659-768x1024.jpg 768w, https:\/\/amwildbachberg.at\/wp-content\/uploads\/2025\/09\/Picsart_24-03-28_14-32-20-659-1152x1536.jpg 1152w, https:\/\/amwildbachberg.at\/wp-content\/uploads\/2025\/09\/Picsart_24-03-28_14-32-20-659-1536x2048.jpg 1536w, https:\/\/amwildbachberg.at\/wp-content\/uploads\/2025\/09\/Picsart_24-03-28_14-32-20-659-9x12.jpg 9w\" sizes=\"auto, (max-width: 1920px) 100vw, 1920px\" \/><\/figure>\n<\/div>\n\n\n\n<h2 class=\"wp-block-heading has-text-align-center has-serif-font-family has-7-xl-font-size\" style=\"line-height:1.2\">Time for me<\/h2>\n\n\n\n<p class=\"has-text-align-center has-2-xl-font-size\">Discover the Wildbachberg for your me-time. To unwind, to be creative, for your workation...<br><br>For sole use of our Rosa or Sepp houses, there is a 25% discount on the regular price.<\/p>\n\n\n\n<div class=\"wp-block-buttons is-content-justification-center is-layout-flex wp-container-core-buttons-is-layout-a89b3969 wp-block-buttons-is-layout-flex\">\n<div class=\"wp-block-button is-style-outline is-style-outline--2\"><a class=\"wp-block-button__link wp-element-button\" href=\"https:\/\/amwildbachberg.at\/booking.php?server=s9&amp;hotel=wildbachberg\">Book now<\/a><\/div>\n<\/div>\n<\/div>\n\n\n\n<div class=\"wp-block-group is-layout-constrained wp-container-core-group-is-layout-618b4f28 wp-block-group-is-layout-constrained\">\n<p class=\"has-text-align-center has-xl-font-size\" style=\"letter-spacing:0.01em\">Offer<\/p>\n\n\n\n<div class=\"wp-block-group is-layout-constrained wp-container-core-group-is-layout-618b4f28 wp-block-group-is-layout-constrained\">\n<figure class=\"wp-block-image size-full\"><img loading=\"lazy\" decoding=\"async\" width=\"1601\" height=\"2400\" src=\"https:\/\/amwildbachberg.at\/wp-content\/uploads\/2022\/12\/Wildbachberg_Rosa_14_waermer.jpg\" alt=\"Ferienhaus Rosa\" class=\"wp-image-1612\" srcset=\"https:\/\/amwildbachberg.at\/wp-content\/uploads\/2022\/12\/Wildbachberg_Rosa_14_waermer.jpg 1601w, https:\/\/amwildbachberg.at\/wp-content\/uploads\/2022\/12\/Wildbachberg_Rosa_14_waermer-200x300.jpg 200w, https:\/\/amwildbachberg.at\/wp-content\/uploads\/2022\/12\/Wildbachberg_Rosa_14_waermer-683x1024.jpg 683w, https:\/\/amwildbachberg.at\/wp-content\/uploads\/2022\/12\/Wildbachberg_Rosa_14_waermer-768x1151.jpg 768w, https:\/\/amwildbachberg.at\/wp-content\/uploads\/2022\/12\/Wildbachberg_Rosa_14_waermer-1025x1536.jpg 1025w, https:\/\/amwildbachberg.at\/wp-content\/uploads\/2022\/12\/Wildbachberg_Rosa_14_waermer-1366x2048.jpg 1366w\" sizes=\"auto, (max-width: 1601px) 100vw, 1601px\" \/><\/figure>\n<\/div>\n\n\n\n<h2 class=\"wp-block-heading has-text-align-center has-serif-font-family has-7-xl-font-size\" style=\"line-height:1.2\">Stay longer <\/h2>\n\n\n\n<p class=\"has-text-align-center has-2-xl-font-size\">Take time to &quot;savour life&quot; and simply stay longer. Our long-term gourmet discount: 10 % (from 6 nights) or 15 % (from 10 nights).<\/p>\n\n\n\n<div class=\"wp-block-buttons is-content-justification-center is-layout-flex wp-container-core-buttons-is-layout-a89b3969 wp-block-buttons-is-layout-flex\">\n<div class=\"wp-block-button is-style-outline is-style-outline--3\"><a class=\"wp-block-button__link wp-element-button\" href=\"https:\/\/amwildbachberg.at\/booking.php?server=s9&amp;hotel=wildbachberg\">BOOK NOW<\/a><\/div>\n<\/div>\n<\/div>\n<\/div>\n<\/div>\n\n\n\n<div class=\"wp-block-buttons is-layout-flex wp-block-buttons-is-layout-flex\"><\/div>\n\n\n\n<p><\/p>","protected":false},"excerpt":{"rendered":"<p>3+2 Night Offer: A peaceful getaway. 3 nights + 2 free. Bookable: March 23-28, 2026, from \u20ac1,320 for 2 people. Time for Me Offer: Discover Wildbachberg for your me-time. To unwind, to be creative, for your workation\u2026 For sole use of our Rosa or Sepp houses, there is a \u20ac25 discount on the regular price. Stay Longer Offer: Take your time\u2026 <a href=\"https:\/\/amwildbachberg.at\/en\/angebote\/\">Continued<\/a><\/p>","protected":false},"author":2,"featured_media":0,"parent":0,"menu_order":0,"comment_status":"closed","ping_status":"closed","template":"","meta":{"_acf_changed":false,"pgc_sgb_lightbox_settings":"","awb_header_is_dark":true,"footnotes":""},"class_list":["post-2361","page","type-page","status-publish","hentry"],"acf":[],"yoast_head":"<!-- This site is optimized with the Yoast SEO plugin v27.2 - https:\/\/yoast.com\/product\/yoast-seo-wordpress\/ -->\n<title>Angebote - Am Wildbachberg<\/title>\n<meta name=\"description\" content=\"Pauschalen und Angebote f\u00fcr deinen Chaleturlaub in der S\u00fcdsteiermark - mit eigener Sauna, Fr\u00fchst\u00fcck, Infinity Pool, Weinkeller ...\" \/>\n<meta name=\"robots\" content=\"index, follow, max-snippet:-1, max-image-preview:large, max-video-preview:-1\" \/>\n<link rel=\"canonical\" href=\"https:\/\/amwildbachberg.at\/en\/angebote\/\" \/>\n<meta property=\"og:locale\" content=\"en_GB\" \/>\n<meta property=\"og:type\" content=\"article\" \/>\n<meta property=\"og:title\" content=\"Angebote - Am Wildbachberg\" \/>\n<meta property=\"og:description\" content=\"Pauschalen und Angebote f\u00fcr deinen Chaleturlaub in der S\u00fcdsteiermark - mit eigener Sauna, Fr\u00fchst\u00fcck, Infinity Pool, Weinkeller ...\" \/>\n<meta property=\"og:url\" content=\"https:\/\/amwildbachberg.at\/en\/angebote\/\" \/>\n<meta property=\"og:site_name\" content=\"Am Wildbachberg\" \/>\n<meta property=\"article:publisher\" content=\"https:\/\/www.facebook.com\/amwildbachberg\/\" \/>\n<meta property=\"article:modified_time\" content=\"2026-02-06T11:40:22+00:00\" \/>\n<meta property=\"og:image\" content=\"https:\/\/amwildbachberg.at\/wp-content\/uploads\/2025\/10\/A730131-skaliert1600x2400.jpg\" \/>\n\t<meta property=\"og:image:width\" content=\"1600\" \/>\n\t<meta property=\"og:image:height\" content=\"2400\" \/>\n\t<meta property=\"og:image:type\" content=\"image\/jpeg\" \/>\n<meta name=\"twitter:card\" content=\"summary_large_image\" \/>\n<meta name=\"twitter:label1\" content=\"Estimated reading time\" \/>\n\t<meta name=\"twitter:data1\" content=\"2 minutes\" \/>\n<script type=\"application\/ld+json\" class=\"yoast-schema-graph\">{\"@context\":\"https:\/\/schema.org\",\"@graph\":[{\"@type\":\"WebPage\",\"@id\":\"https:\/\/amwildbachberg.at\/angebote\/\",\"url\":\"https:\/\/amwildbachberg.at\/angebote\/\",\"name\":\"Angebote - Am Wildbachberg\",\"isPartOf\":{\"@id\":\"https:\/\/amwildbachberg.at\/#website\"},\"primaryImageOfPage\":{\"@id\":\"https:\/\/amwildbachberg.at\/angebote\/#primaryimage\"},\"image\":{\"@id\":\"https:\/\/amwildbachberg.at\/angebote\/#primaryimage\"},\"thumbnailUrl\":\"https:\/\/amwildbachberg.at\/wp-content\/uploads\/2025\/10\/A730131-skaliert1600x2400.jpg\",\"datePublished\":\"2024-11-05T11:26:16+00:00\",\"dateModified\":\"2026-02-06T11:40:22+00:00\",\"description\":\"Pauschalen und Angebote f\u00fcr deinen Chaleturlaub in der S\u00fcdsteiermark - mit eigener Sauna, Fr\u00fchst\u00fcck, Infinity Pool, Weinkeller ...\",\"breadcrumb\":{\"@id\":\"https:\/\/amwildbachberg.at\/angebote\/#breadcrumb\"},\"inLanguage\":\"en-GB\",\"potentialAction\":[{\"@type\":\"ReadAction\",\"target\":[\"https:\/\/amwildbachberg.at\/angebote\/\"]}]},{\"@type\":\"ImageObject\",\"inLanguage\":\"en-GB\",\"@id\":\"https:\/\/amwildbachberg.at\/angebote\/#primaryimage\",\"url\":\"https:\/\/amwildbachberg.at\/wp-content\/uploads\/2025\/10\/A730131-skaliert1600x2400.jpg\",\"contentUrl\":\"https:\/\/amwildbachberg.at\/wp-content\/uploads\/2025\/10\/A730131-skaliert1600x2400.jpg\"},{\"@type\":\"BreadcrumbList\",\"@id\":\"https:\/\/amwildbachberg.at\/angebote\/#breadcrumb\",\"itemListElement\":[{\"@type\":\"ListItem\",\"position\":1,\"name\":\"Startseite\",\"item\":\"https:\/\/amwildbachberg.at\/\"},{\"@type\":\"ListItem\",\"position\":2,\"name\":\"Angebote\"}]},{\"@type\":\"WebSite\",\"@id\":\"https:\/\/amwildbachberg.at\/#website\",\"url\":\"https:\/\/amwildbachberg.at\/\",\"name\":\"Am Wildbachberg\",\"description\":\"Das Leben g\u2019spian.\",\"publisher\":{\"@id\":\"https:\/\/amwildbachberg.at\/#organization\"},\"potentialAction\":[{\"@type\":\"SearchAction\",\"target\":{\"@type\":\"EntryPoint\",\"urlTemplate\":\"https:\/\/amwildbachberg.at\/?s={search_term_string}\"},\"query-input\":{\"@type\":\"PropertyValueSpecification\",\"valueRequired\":true,\"valueName\":\"search_term_string\"}}],\"inLanguage\":\"en-GB\"},{\"@type\":\"Organization\",\"@id\":\"https:\/\/amwildbachberg.at\/#organization\",\"name\":\"Am Wildbachberg\",\"url\":\"https:\/\/amwildbachberg.at\/\",\"logo\":{\"@type\":\"ImageObject\",\"inLanguage\":\"en-GB\",\"@id\":\"https:\/\/amwildbachberg.at\/#\/schema\/logo\/image\/\",\"url\":\"https:\/\/amwildbachberg.at\/wp-content\/uploads\/2023\/06\/cropped-favicon.png\",\"contentUrl\":\"https:\/\/amwildbachberg.at\/wp-content\/uploads\/2023\/06\/cropped-favicon.png\",\"width\":512,\"height\":512,\"caption\":\"Am Wildbachberg\"},\"image\":{\"@id\":\"https:\/\/amwildbachberg.at\/#\/schema\/logo\/image\/\"},\"sameAs\":[\"https:\/\/www.facebook.com\/amwildbachberg\/\",\"https:\/\/www.instagram.com\/am_wildbachberg\/\"]}]}<\/script>\n<!-- \/ Yoast SEO plugin. -->","yoast_head_json":{"title":"Offers - Am Wildbachberg","description":"Package deals and offers for your chalet holiday in Southern Styria - with private sauna, breakfast, infinity pool, wine cellar...","robots":{"index":"index","follow":"follow","max-snippet":"max-snippet:-1","max-image-preview":"max-image-preview:large","max-video-preview":"max-video-preview:-1"},"canonical":"https:\/\/amwildbachberg.at\/en\/angebote\/","og_locale":"en_GB","og_type":"article","og_title":"Angebote - Am Wildbachberg","og_description":"Pauschalen und Angebote f\u00fcr deinen Chaleturlaub in der S\u00fcdsteiermark - mit eigener Sauna, Fr\u00fchst\u00fcck, Infinity Pool, Weinkeller ...","og_url":"https:\/\/amwildbachberg.at\/en\/angebote\/","og_site_name":"Am Wildbachberg","article_publisher":"https:\/\/www.facebook.com\/amwildbachberg\/","article_modified_time":"2026-02-06T11:40:22+00:00","og_image":[{"width":1600,"height":2400,"url":"https:\/\/amwildbachberg.at\/wp-content\/uploads\/2025\/10\/A730131-skaliert1600x2400.jpg","type":"image\/jpeg"}],"twitter_card":"summary_large_image","twitter_misc":{"Estimated reading time":"2 minutes"},"schema":{"@context":"https:\/\/schema.org","@graph":[{"@type":"WebPage","@id":"https:\/\/amwildbachberg.at\/angebote\/","url":"https:\/\/amwildbachberg.at\/angebote\/","name":"Offers - Am Wildbachberg","isPartOf":{"@id":"https:\/\/amwildbachberg.at\/#website"},"primaryImageOfPage":{"@id":"https:\/\/amwildbachberg.at\/angebote\/#primaryimage"},"image":{"@id":"https:\/\/amwildbachberg.at\/angebote\/#primaryimage"},"thumbnailUrl":"https:\/\/amwildbachberg.at\/wp-content\/uploads\/2025\/10\/A730131-skaliert1600x2400.jpg","datePublished":"2024-11-05T11:26:16+00:00","dateModified":"2026-02-06T11:40:22+00:00","description":"Package deals and offers for your chalet holiday in Southern Styria - with private sauna, breakfast, infinity pool, wine cellar...","breadcrumb":{"@id":"https:\/\/amwildbachberg.at\/angebote\/#breadcrumb"},"inLanguage":"en-GB","potentialAction":[{"@type":"ReadAction","target":["https:\/\/amwildbachberg.at\/angebote\/"]}]},{"@type":"ImageObject","inLanguage":"en-GB","@id":"https:\/\/amwildbachberg.at\/angebote\/#primaryimage","url":"https:\/\/amwildbachberg.at\/wp-content\/uploads\/2025\/10\/A730131-skaliert1600x2400.jpg","contentUrl":"https:\/\/amwildbachberg.at\/wp-content\/uploads\/2025\/10\/A730131-skaliert1600x2400.jpg"},{"@type":"BreadcrumbList","@id":"https:\/\/amwildbachberg.at\/angebote\/#breadcrumb","itemListElement":[{"@type":"ListItem","position":1,"name":"Startseite","item":"https:\/\/amwildbachberg.at\/"},{"@type":"ListItem","position":2,"name":"Angebote"}]},{"@type":"WebSite","@id":"https:\/\/amwildbachberg.at\/#website","url":"https:\/\/amwildbachberg.at\/","name":"At Wildbachberg","description":"Feeling the life.","publisher":{"@id":"https:\/\/amwildbachberg.at\/#organization"},"potentialAction":[{"@type":"SearchAction","target":{"@type":"EntryPoint","urlTemplate":"https:\/\/amwildbachberg.at\/?s={search_term_string}"},"query-input":{"@type":"PropertyValueSpecification","valueRequired":true,"valueName":"search_term_string"}}],"inLanguage":"en-GB"},{"@type":"Organization","@id":"https:\/\/amwildbachberg.at\/#organization","name":"At Wildbachberg","url":"https:\/\/amwildbachberg.at\/","logo":{"@type":"ImageObject","inLanguage":"en-GB","@id":"https:\/\/amwildbachberg.at\/#\/schema\/logo\/image\/","url":"https:\/\/amwildbachberg.at\/wp-content\/uploads\/2023\/06\/cropped-favicon.png","contentUrl":"https:\/\/amwildbachberg.at\/wp-content\/uploads\/2023\/06\/cropped-favicon.png","width":512,"height":512,"caption":"Am Wildbachberg"},"image":{"@id":"https:\/\/amwildbachberg.at\/#\/schema\/logo\/image\/"},"sameAs":["https:\/\/www.facebook.com\/amwildbachberg\/","https:\/\/www.instagram.com\/am_wildbachberg\/"]}]}},"_links":{"self":[{"href":"https:\/\/amwildbachberg.at\/en\/wp-json\/wp\/v2\/pages\/2361","targetHints":{"allow":["GET"]}}],"collection":[{"href":"https:\/\/amwildbachberg.at\/en\/wp-json\/wp\/v2\/pages"}],"about":[{"href":"https:\/\/amwildbachberg.at\/en\/wp-json\/wp\/v2\/types\/page"}],"author":[{"embeddable":true,"href":"https:\/\/amwildbachberg.at\/en\/wp-json\/wp\/v2\/users\/2"}],"replies":[{"embeddable":true,"href":"https:\/\/amwildbachberg.at\/en\/wp-json\/wp\/v2\/comments?post=2361"}],"version-history":[{"count":5,"href":"https:\/\/amwildbachberg.at\/en\/wp-json\/wp\/v2\/pages\/2361\/revisions"}],"predecessor-version":[{"id":3536,"href":"https:\/\/amwildbachberg.at\/en\/wp-json\/wp\/v2\/pages\/2361\/revisions\/3536"}],"wp:attachment":[{"href":"https:\/\/amwildbachberg.at\/en\/wp-json\/wp\/v2\/media?parent=2361"}],"curies":[{"name":"wp","href":"https:\/\/api.w.org\/{rel}","templated":true}]}}