{"id":3225,"date":"2025-10-15T10:59:11","date_gmt":"2025-10-15T08:59:11","guid":{"rendered":"https:\/\/amwildbachberg.at\/?page_id=3225"},"modified":"2025-10-15T13:10:38","modified_gmt":"2025-10-15T11:10:38","slug":"gutscheine","status":"publish","type":"page","link":"https:\/\/amwildbachberg.at\/en\/gutscheine\/","title":{"rendered":"Vouchers"},"content":{"rendered":"<div class=\"wp-block-group has-beige-lightest-background-color has-background is-layout-constrained wp-block-group-is-layout-constrained\" style=\"padding-top:var(--wp--preset--spacing--90);padding-bottom:var(--wp--preset--spacing--70)\">\n<p><\/p>\n\n\n\n<p><\/p>\n\n\n\n<p><\/p>\n\n\n\n<div style=\"height:73px\" aria-hidden=\"true\" class=\"wp-block-spacer\"><\/div>\n\n\n\n<p><\/p>\n\n\n\n<h1 class=\"wp-block-heading has-text-align-center has-black-color has-text-color has-serif-font-family has-7-xl-font-size\" style=\"line-height:1.1\">Vouchers<\/h1>\n<\/div>\n\n\n\n<div id=\"content\" class=\"wp-block-group has-beige-lightest-background-color has-background is-layout-constrained wp-container-core-group-is-layout-51683a1a wp-block-group-is-layout-constrained\" style=\"padding-top:var(--wp--preset--spacing--50);padding-right:var(--wp--preset--spacing--25);padding-bottom:var(--wp--preset--spacing--70);padding-left:var(--wp--preset--spacing--25)\">\n<h1 class=\"wp-block-heading has-text-align-center has-black-color has-text-color has-serif-font-family has-4-xl-font-size\" style=\"line-height:1.1\">\u201eSprying life\u201c at Wildbachberg \u2013 <br>a special gift<\/h1>\n\n\n\n<div class=\"wp-block-group is-layout-constrained wp-block-group-is-layout-constrained\">\n<p class=\"has-xl-font-size\">Give your loved ones moments that will become truly personal memories. Whether for Christmas, a birthday, an anniversary, a wedding, or a romantic marriage proposal.<\/p>\n\n\n\n<div class=\"wp-block-buttons is-content-justification-center is-layout-flex wp-container-core-buttons-is-layout-a89b3969 wp-block-buttons-is-layout-flex\">\n<div class=\"wp-block-button is-style-outline is-style-outline--1\"><a class=\"wp-block-button__link wp-element-button\" href=\"https:\/\/s9.hotellogin.cloud\/customer\/wildbachberg\/voucher.php\" target=\"_blank\" rel=\"noreferrer noopener\">Click here to ORDER your voucher<\/a><\/div>\n<\/div>\n\n\n\n<div style=\"height:23px\" aria-hidden=\"true\" class=\"wp-block-spacer\"><\/div>\n\n\n\n<figure class=\"wp-block-image aligncenter size-full\"><img loading=\"lazy\" decoding=\"async\" width=\"2400\" height=\"1601\" src=\"https:\/\/amwildbachberg.at\/wp-content\/uploads\/2025\/10\/Wildbachberg_Gutschein_01_wa\u2560ermer.jpg\" alt=\"Gutschein Am Wildbachberg f\u00fcr deinen Urlaub in der S\u00fcdsteiermark\" class=\"wp-image-3226\" srcset=\"https:\/\/amwildbachberg.at\/wp-content\/uploads\/2025\/10\/Wildbachberg_Gutschein_01_wa\u2560ermer.jpg 2400w, https:\/\/amwildbachberg.at\/wp-content\/uploads\/2025\/10\/Wildbachberg_Gutschein_01_wa\u2560ermer-300x200.jpg 300w, https:\/\/amwildbachberg.at\/wp-content\/uploads\/2025\/10\/Wildbachberg_Gutschein_01_wa\u2560ermer-1024x683.jpg 1024w, https:\/\/amwildbachberg.at\/wp-content\/uploads\/2025\/10\/Wildbachberg_Gutschein_01_wa\u2560ermer-768x512.jpg 768w, https:\/\/amwildbachberg.at\/wp-content\/uploads\/2025\/10\/Wildbachberg_Gutschein_01_wa\u2560ermer-1536x1025.jpg 1536w, https:\/\/amwildbachberg.at\/wp-content\/uploads\/2025\/10\/Wildbachberg_Gutschein_01_wa\u2560ermer-2048x1366.jpg 2048w, https:\/\/amwildbachberg.at\/wp-content\/uploads\/2025\/10\/Wildbachberg_Gutschein_01_wa\u2560ermer-18x12.jpg 18w\" sizes=\"auto, (max-width: 2400px) 100vw, 2400px\" \/><\/figure>\n\n\n\n<div style=\"height:23px\" aria-hidden=\"true\" class=\"wp-block-spacer\"><\/div>\n\n\n\n<h1 class=\"wp-block-heading has-text-align-left has-black-color has-text-color has-serif-font-family has-3-xl-font-size\" style=\"line-height:1.1\">Sepp, Franzl and Rosa \u2013 three houses, one feeling.<\/h1>\n\n\n\n<p class=\"has-xl-font-size\">Nestled in the rolling hills of the Schilcherland region, our three lovingly designed holiday homes offer havens of peace, nature, and indulgence. Here, time slows down, the birds sing more loudly, and everyday life is left far below in the valley. Our motto is &quot;Far from the hustle and bustle, slow down.&quot; The three chalets are grouped around the infinity pool \u2013 each one unique.<\/p>\n\n\n\n<ul class=\"wp-block-list\">\n<li class=\"has-lg-font-size\"><strong>Sepp<\/strong>, with its own fenced garden \u2013 perfect for romantics and dog lovers.<\/li>\n\n\n\n<li class=\"has-lg-font-size\"><strong>Pink<\/strong>, stylish and quiet, offering moments of togetherness with a view.<\/li>\n\n\n\n<li class=\"has-lg-font-size\"><strong>Franz<\/strong>, spacious over two floors, for couples or small families.<\/li>\n<\/ul>\n\n\n\n<p class=\"has-xl-font-size\">All houses have a private Swiss pine sauna with views of the vast Schilcherland region. The old wine cellar with its natural wine shop, the pool, and the barbecue area invite guests to enjoy themselves together.<\/p>\n\n\n\n<p class=\"has-xl-font-size\">Hiking and cycling trails begin right outside the door, and the Schloss Frauenthal golf club is just minutes away. Those who wish can explore the four wine routes of Southern Styria or, in winter, enjoy cross-country skiing, ski touring, and the tranquility of the snow in the surrounding area. <br><\/p>\n<\/div>\n\n\n\n<div class=\"wp-block-group is-layout-constrained wp-block-group-is-layout-constrained\">\n<figure class=\"wp-block-image aligncenter size-large\"><img loading=\"lazy\" decoding=\"async\" width=\"1024\" height=\"683\" src=\"https:\/\/amwildbachberg.at\/wp-content\/uploads\/2024\/06\/wil-beschriftete-haeuser-quer-zugeschnitten-1024x683.png\" alt=\"Urlaubsrefugium mit 3 Ferienh\u00e4usern - Weststeiermark\" class=\"wp-image-1759\" srcset=\"https:\/\/amwildbachberg.at\/wp-content\/uploads\/2024\/06\/wil-beschriftete-haeuser-quer-zugeschnitten-1024x683.png 1024w, https:\/\/amwildbachberg.at\/wp-content\/uploads\/2024\/06\/wil-beschriftete-haeuser-quer-zugeschnitten-300x200.png 300w, https:\/\/amwildbachberg.at\/wp-content\/uploads\/2024\/06\/wil-beschriftete-haeuser-quer-zugeschnitten-768x512.png 768w, https:\/\/amwildbachberg.at\/wp-content\/uploads\/2024\/06\/wil-beschriftete-haeuser-quer-zugeschnitten.png 1200w\" sizes=\"auto, (max-width: 1024px) 100vw, 1024px\" \/><\/figure>\n\n\n\n<figure class=\"wp-block-image aligncenter size-large\"><img loading=\"lazy\" decoding=\"async\" width=\"1024\" height=\"683\" src=\"https:\/\/amwildbachberg.at\/wp-content\/uploads\/2022\/12\/Wildbachberg_Franz_04_wa\u2560ermer-1024x683.jpg\" alt=\"Franzl Am Wildbachberg - Wohnraum mit Kamin\" class=\"wp-image-1533\" srcset=\"https:\/\/amwildbachberg.at\/wp-content\/uploads\/2022\/12\/Wildbachberg_Franz_04_wa\u2560ermer-1024x683.jpg 1024w, https:\/\/amwildbachberg.at\/wp-content\/uploads\/2022\/12\/Wildbachberg_Franz_04_wa\u2560ermer-300x200.jpg 300w, https:\/\/amwildbachberg.at\/wp-content\/uploads\/2022\/12\/Wildbachberg_Franz_04_wa\u2560ermer-768x512.jpg 768w, https:\/\/amwildbachberg.at\/wp-content\/uploads\/2022\/12\/Wildbachberg_Franz_04_wa\u2560ermer-1536x1025.jpg 1536w, https:\/\/amwildbachberg.at\/wp-content\/uploads\/2022\/12\/Wildbachberg_Franz_04_wa\u2560ermer-2048x1366.jpg 2048w\" sizes=\"auto, (max-width: 1024px) 100vw, 1024px\" \/><\/figure>\n<\/div>\n\n\n\n<p><\/p>\n\n\n\n<div class=\"wp-block-group is-layout-constrained wp-block-group-is-layout-constrained\">\n<h1 class=\"wp-block-heading has-text-align-left has-black-color has-text-color has-serif-font-family has-3-xl-font-size\" style=\"line-height:1.1\">Still questions?<\/h1>\n\n\n\n<p class=\"has-xl-font-size\">We are always happy to provide further information.<\/p>\n\n\n\n<p class=\"has-xl-font-size\"><em>Greetings <\/em>and see you soon! <\/p>\n\n\n\n<p class=\"has-xl-font-size\">Johanna and G\u00fcnter from Wildbachberg <br>+43 676 6031422 <br><a href=\"mailto:griasdi@amwildbachberg.at\">griasdi@amwildbachberg.at<\/a><\/p>\n<\/div>\n<\/div>","protected":false},"excerpt":{"rendered":"<p>Vouchers &quot;Das Leben g&#039;spian&quot; at Wildbachberg \u2013 a special gift. Give your loved ones moments that will become truly personal memories. Whether for Christmas, a birthday, an anniversary, a wedding, or a romantic proposal. Sepp, Franzl, and Rosa \u2013 three houses, one feeling. Nestled in the rolling hills of the Schilcherland region, our three lovingly... <a href=\"https:\/\/amwildbachberg.at\/en\/gutscheine\/\">Continued<\/a><\/p>","protected":false},"author":3,"featured_media":0,"parent":0,"menu_order":0,"comment_status":"closed","ping_status":"closed","template":"","meta":{"_acf_changed":false,"pgc_sgb_lightbox_settings":"","awb_header_is_dark":true,"footnotes":""},"class_list":["post-3225","page","type-page","status-publish","hentry"],"acf":[],"yoast_head":"<!-- This site is optimized with the Yoast SEO plugin v27.2 - https:\/\/yoast.com\/product\/yoast-seo-wordpress\/ -->\n<title>Gutscheine - Am Wildbachberg<\/title>\n<meta name=\"description\" content=\"3 N\u00e4chte inklusive Fr\u00fchst\u00fcck, Kulinarik, Naturwein, 2 x Greenfee f\u00fcr Golfclub Schloss Frauenthal ab \u20ac 1.560 f\u00fcr 2 Personen im eigenen Chalet\" \/>\n<meta name=\"robots\" content=\"index, follow, max-snippet:-1, max-image-preview:large, max-video-preview:-1\" \/>\n<link rel=\"canonical\" href=\"https:\/\/amwildbachberg.at\/en\/gutscheine\/\" \/>\n<meta property=\"og:locale\" content=\"en_GB\" \/>\n<meta property=\"og:type\" content=\"article\" \/>\n<meta property=\"og:title\" content=\"Gutscheine - Am Wildbachberg\" \/>\n<meta property=\"og:description\" content=\"3 N\u00e4chte inklusive Fr\u00fchst\u00fcck, Kulinarik, Naturwein, 2 x Greenfee f\u00fcr Golfclub Schloss Frauenthal ab \u20ac 1.560 f\u00fcr 2 Personen im eigenen Chalet\" \/>\n<meta property=\"og:url\" content=\"https:\/\/amwildbachberg.at\/en\/gutscheine\/\" \/>\n<meta property=\"og:site_name\" content=\"Am Wildbachberg\" \/>\n<meta property=\"article:publisher\" content=\"https:\/\/www.facebook.com\/amwildbachberg\/\" \/>\n<meta property=\"article:modified_time\" content=\"2025-10-15T11:10:38+00:00\" \/>\n<meta property=\"og:image\" content=\"https:\/\/amwildbachberg.at\/wp-content\/uploads\/2024\/06\/wil-beschriftete-haeuser-quer-zugeschnitten-1024x683.png\" \/>\n<meta name=\"twitter:card\" content=\"summary_large_image\" \/>\n<meta name=\"twitter:label1\" content=\"Estimated reading time\" \/>\n\t<meta name=\"twitter:data1\" content=\"2 minutes\" \/>\n<script type=\"application\/ld+json\" class=\"yoast-schema-graph\">{\"@context\":\"https:\/\/schema.org\",\"@graph\":[{\"@type\":\"WebPage\",\"@id\":\"https:\/\/amwildbachberg.at\/gutscheine\/\",\"url\":\"https:\/\/amwildbachberg.at\/gutscheine\/\",\"name\":\"Gutscheine - Am Wildbachberg\",\"isPartOf\":{\"@id\":\"https:\/\/amwildbachberg.at\/#website\"},\"primaryImageOfPage\":{\"@id\":\"https:\/\/amwildbachberg.at\/gutscheine\/#primaryimage\"},\"image\":{\"@id\":\"https:\/\/amwildbachberg.at\/gutscheine\/#primaryimage\"},\"thumbnailUrl\":\"https:\/\/amwildbachberg.at\/wp-content\/uploads\/2024\/06\/wil-beschriftete-haeuser-quer-zugeschnitten-1024x683.png\",\"datePublished\":\"2025-10-15T08:59:11+00:00\",\"dateModified\":\"2025-10-15T11:10:38+00:00\",\"description\":\"3 N\u00e4chte inklusive Fr\u00fchst\u00fcck, Kulinarik, Naturwein, 2 x Greenfee f\u00fcr Golfclub Schloss Frauenthal ab \u20ac 1.560 f\u00fcr 2 Personen im eigenen Chalet\",\"breadcrumb\":{\"@id\":\"https:\/\/amwildbachberg.at\/gutscheine\/#breadcrumb\"},\"inLanguage\":\"en-GB\",\"potentialAction\":[{\"@type\":\"ReadAction\",\"target\":[\"https:\/\/amwildbachberg.at\/gutscheine\/\"]}]},{\"@type\":\"ImageObject\",\"inLanguage\":\"en-GB\",\"@id\":\"https:\/\/amwildbachberg.at\/gutscheine\/#primaryimage\",\"url\":\"https:\/\/amwildbachberg.at\/wp-content\/uploads\/2024\/06\/wil-beschriftete-haeuser-quer-zugeschnitten-1024x683.png\",\"contentUrl\":\"https:\/\/amwildbachberg.at\/wp-content\/uploads\/2024\/06\/wil-beschriftete-haeuser-quer-zugeschnitten-1024x683.png\"},{\"@type\":\"BreadcrumbList\",\"@id\":\"https:\/\/amwildbachberg.at\/gutscheine\/#breadcrumb\",\"itemListElement\":[{\"@type\":\"ListItem\",\"position\":1,\"name\":\"Startseite\",\"item\":\"https:\/\/amwildbachberg.at\/\"},{\"@type\":\"ListItem\",\"position\":2,\"name\":\"Gutscheine\"}]},{\"@type\":\"WebSite\",\"@id\":\"https:\/\/amwildbachberg.at\/#website\",\"url\":\"https:\/\/amwildbachberg.at\/\",\"name\":\"Am Wildbachberg\",\"description\":\"Das Leben g\u2019spian.\",\"publisher\":{\"@id\":\"https:\/\/amwildbachberg.at\/#organization\"},\"potentialAction\":[{\"@type\":\"SearchAction\",\"target\":{\"@type\":\"EntryPoint\",\"urlTemplate\":\"https:\/\/amwildbachberg.at\/?s={search_term_string}\"},\"query-input\":{\"@type\":\"PropertyValueSpecification\",\"valueRequired\":true,\"valueName\":\"search_term_string\"}}],\"inLanguage\":\"en-GB\"},{\"@type\":\"Organization\",\"@id\":\"https:\/\/amwildbachberg.at\/#organization\",\"name\":\"Am Wildbachberg\",\"url\":\"https:\/\/amwildbachberg.at\/\",\"logo\":{\"@type\":\"ImageObject\",\"inLanguage\":\"en-GB\",\"@id\":\"https:\/\/amwildbachberg.at\/#\/schema\/logo\/image\/\",\"url\":\"https:\/\/amwildbachberg.at\/wp-content\/uploads\/2023\/06\/cropped-favicon.png\",\"contentUrl\":\"https:\/\/amwildbachberg.at\/wp-content\/uploads\/2023\/06\/cropped-favicon.png\",\"width\":512,\"height\":512,\"caption\":\"Am Wildbachberg\"},\"image\":{\"@id\":\"https:\/\/amwildbachberg.at\/#\/schema\/logo\/image\/\"},\"sameAs\":[\"https:\/\/www.facebook.com\/amwildbachberg\/\",\"https:\/\/www.instagram.com\/am_wildbachberg\/\"]}]}<\/script>\n<!-- \/ Yoast SEO plugin. -->","yoast_head_json":{"title":"Vouchers - Am Wildbachberg","description":"3 nights including breakfast, culinary delights, natural wine, 2 green fees for Golfclub Schloss Frauenthal from \u20ac1,560 for 2 people in their own chalet","robots":{"index":"index","follow":"follow","max-snippet":"max-snippet:-1","max-image-preview":"max-image-preview:large","max-video-preview":"max-video-preview:-1"},"canonical":"https:\/\/amwildbachberg.at\/en\/gutscheine\/","og_locale":"en_GB","og_type":"article","og_title":"Gutscheine - Am Wildbachberg","og_description":"3 N\u00e4chte inklusive Fr\u00fchst\u00fcck, Kulinarik, Naturwein, 2 x Greenfee f\u00fcr Golfclub Schloss Frauenthal ab \u20ac 1.560 f\u00fcr 2 Personen im eigenen Chalet","og_url":"https:\/\/amwildbachberg.at\/en\/gutscheine\/","og_site_name":"Am Wildbachberg","article_publisher":"https:\/\/www.facebook.com\/amwildbachberg\/","article_modified_time":"2025-10-15T11:10:38+00:00","og_image":[{"url":"https:\/\/amwildbachberg.at\/wp-content\/uploads\/2024\/06\/wil-beschriftete-haeuser-quer-zugeschnitten-1024x683.png","type":"","width":"","height":""}],"twitter_card":"summary_large_image","twitter_misc":{"Estimated reading time":"2 minutes"},"schema":{"@context":"https:\/\/schema.org","@graph":[{"@type":"WebPage","@id":"https:\/\/amwildbachberg.at\/gutscheine\/","url":"https:\/\/amwildbachberg.at\/gutscheine\/","name":"Vouchers - Am Wildbachberg","isPartOf":{"@id":"https:\/\/amwildbachberg.at\/#website"},"primaryImageOfPage":{"@id":"https:\/\/amwildbachberg.at\/gutscheine\/#primaryimage"},"image":{"@id":"https:\/\/amwildbachberg.at\/gutscheine\/#primaryimage"},"thumbnailUrl":"https:\/\/amwildbachberg.at\/wp-content\/uploads\/2024\/06\/wil-beschriftete-haeuser-quer-zugeschnitten-1024x683.png","datePublished":"2025-10-15T08:59:11+00:00","dateModified":"2025-10-15T11:10:38+00:00","description":"3 nights including breakfast, culinary delights, natural wine, 2 green fees for Golfclub Schloss Frauenthal from \u20ac1,560 for 2 people in their own chalet","breadcrumb":{"@id":"https:\/\/amwildbachberg.at\/gutscheine\/#breadcrumb"},"inLanguage":"en-GB","potentialAction":[{"@type":"ReadAction","target":["https:\/\/amwildbachberg.at\/gutscheine\/"]}]},{"@type":"ImageObject","inLanguage":"en-GB","@id":"https:\/\/amwildbachberg.at\/gutscheine\/#primaryimage","url":"https:\/\/amwildbachberg.at\/wp-content\/uploads\/2024\/06\/wil-beschriftete-haeuser-quer-zugeschnitten-1024x683.png","contentUrl":"https:\/\/amwildbachberg.at\/wp-content\/uploads\/2024\/06\/wil-beschriftete-haeuser-quer-zugeschnitten-1024x683.png"},{"@type":"BreadcrumbList","@id":"https:\/\/amwildbachberg.at\/gutscheine\/#breadcrumb","itemListElement":[{"@type":"ListItem","position":1,"name":"Startseite","item":"https:\/\/amwildbachberg.at\/"},{"@type":"ListItem","position":2,"name":"Gutscheine"}]},{"@type":"WebSite","@id":"https:\/\/amwildbachberg.at\/#website","url":"https:\/\/amwildbachberg.at\/","name":"At Wildbachberg","description":"Feeling the life.","publisher":{"@id":"https:\/\/amwildbachberg.at\/#organization"},"potentialAction":[{"@type":"SearchAction","target":{"@type":"EntryPoint","urlTemplate":"https:\/\/amwildbachberg.at\/?s={search_term_string}"},"query-input":{"@type":"PropertyValueSpecification","valueRequired":true,"valueName":"search_term_string"}}],"inLanguage":"en-GB"},{"@type":"Organization","@id":"https:\/\/amwildbachberg.at\/#organization","name":"At Wildbachberg","url":"https:\/\/amwildbachberg.at\/","logo":{"@type":"ImageObject","inLanguage":"en-GB","@id":"https:\/\/amwildbachberg.at\/#\/schema\/logo\/image\/","url":"https:\/\/amwildbachberg.at\/wp-content\/uploads\/2023\/06\/cropped-favicon.png","contentUrl":"https:\/\/amwildbachberg.at\/wp-content\/uploads\/2023\/06\/cropped-favicon.png","width":512,"height":512,"caption":"Am Wildbachberg"},"image":{"@id":"https:\/\/amwildbachberg.at\/#\/schema\/logo\/image\/"},"sameAs":["https:\/\/www.facebook.com\/amwildbachberg\/","https:\/\/www.instagram.com\/am_wildbachberg\/"]}]}},"_links":{"self":[{"href":"https:\/\/amwildbachberg.at\/en\/wp-json\/wp\/v2\/pages\/3225","targetHints":{"allow":["GET"]}}],"collection":[{"href":"https:\/\/amwildbachberg.at\/en\/wp-json\/wp\/v2\/pages"}],"about":[{"href":"https:\/\/amwildbachberg.at\/en\/wp-json\/wp\/v2\/types\/page"}],"author":[{"embeddable":true,"href":"https:\/\/amwildbachberg.at\/en\/wp-json\/wp\/v2\/users\/3"}],"replies":[{"embeddable":true,"href":"https:\/\/amwildbachberg.at\/en\/wp-json\/wp\/v2\/comments?post=3225"}],"version-history":[{"count":5,"href":"https:\/\/amwildbachberg.at\/en\/wp-json\/wp\/v2\/pages\/3225\/revisions"}],"predecessor-version":[{"id":3242,"href":"https:\/\/amwildbachberg.at\/en\/wp-json\/wp\/v2\/pages\/3225\/revisions\/3242"}],"wp:attachment":[{"href":"https:\/\/amwildbachberg.at\/en\/wp-json\/wp\/v2\/media?parent=3225"}],"curies":[{"name":"wp","href":"https:\/\/api.w.org\/{rel}","templated":true}]}}